{"id":421,"date":"2026-02-08T21:33:17","date_gmt":"2026-02-08T21:33:17","guid":{"rendered":"https:\/\/pressing-arles.fr\/?page_id=421"},"modified":"2026-03-16T00:22:52","modified_gmt":"2026-03-16T00:22:52","slug":"elementor-421","status":"publish","type":"page","link":"https:\/\/pressing-arles.fr\/index.php\/elementor-421\/","title":{"rendered":"Nos R\u00e9alisations"},"content":{"rendered":"\t\t<div data-elementor-type=\"wp-post\" data-elementor-id=\"421\" class=\"elementor elementor-421\">\n\t\t\t\t<div class=\"elementor-element elementor-element-77c54e2e e-flex e-con-boxed e-con e-parent\" data-id=\"77c54e2e\" data-element_type=\"container\" data-settings=\"{&quot;background_background&quot;:&quot;classic&quot;}\">\n\t\t\t\t\t<div class=\"e-con-inner\">\n\t\t\t\t<div class=\"elementor-element elementor-element-5aa8025c elementor-widget elementor-widget-heading\" data-id=\"5aa8025c\" data-element_type=\"widget\" data-widget_type=\"heading.default\">\n\t\t\t\t\t<h1 class=\"elementor-heading-title elementor-size-default\">Nos R\u00e9alisations<\/h1>\t\t\t\t<\/div>\n\t\t\t\t\t<\/div>\n\t\t\t\t<\/div>\n\t\t<div class=\"elementor-element elementor-element-e1bc500 e-flex e-con-boxed e-con e-parent\" data-id=\"e1bc500\" data-element_type=\"container\">\n\t\t\t\t\t<div class=\"e-con-inner\">\n\t\t<div class=\"elementor-element elementor-element-4fc47794 e-con-full e-flex e-con e-child\" data-id=\"4fc47794\" data-element_type=\"container\">\n\t\t\t\t<div class=\"elementor-element elementor-element-4ac613d0 elementor-widget elementor-widget-tp-blog-listout\" data-id=\"4ac613d0\" data-element_type=\"widget\" data-widget_type=\"tp-blog-listout.default\">\n\t\t\t\t\t<div id=\"pt-plus-blog-post-list\" class=\"blog-list post69d01c904cd7e  list-isotope  blog-style-1 hover-image-style-1 \"  data-layout-type=\"fitRows\"   data-id=\"post69d01c904cd7e\" data-style=\"style-1\"  data-enable-isotope=\"1\"><div id=\"post69d01c904cd7e\" class=\"tp-row post-inner-loop post69d01c904cd7e \"><div class=\"grid-item metro-item tp-col-lg-4 tp-col-md-6 tp-col-sm-12 tp-col-12 \"><article id=\"post-465\" class=\"post-465 post type-post status-publish format-standard has-post-thumbnail hentry category-uncategorized\">\n\t<div class=\"blog-list-content\">\n\t\t\t\t<div class=\"post-content-image\">\n\t\t\t<a href=\"https:\/\/pressing-arles.fr\/index.php\/2026\/03\/16\/nettoyage-et-deboulochage\/\">\n\t\t\t\t<div class=\"blog-featured-image\">\n<span class=\"thumb-wrap\">\n\t<img fetchpriority=\"high\" decoding=\"async\" width=\"700\" height=\"700\" src=\"https:\/\/pressing-arles.fr\/wp-content\/uploads\/2026\/03\/WhatsApp-Image-2026-02-10-at-08.24.51-700x700.jpeg\" class=\"attachment-tp-image-grid size-tp-image-grid\" alt=\"\" \/><\/span>\n<\/div>\t\t\t<\/a>\n\t\t<\/div>\n\t\t\t\t<div class=\"post-content-bottom\">\n\t\t\t<h4 class=\"post-title\">\n\t<a href=\"https:\/\/pressing-arles.fr\/index.php\/2026\/03\/16\/nettoyage-et-deboulochage\/\">Nettoyage et D\u00e9boulochage<\/a>\n<\/h4>\n\t\t\t<div class=\"post-hover-content\">\n\t\t\t\t\t\t\t<\/div>\n\t\t<\/div>\n\t\t\t<\/div>\n<\/article>\n<\/div><div class=\"grid-item metro-item tp-col-lg-4 tp-col-md-6 tp-col-sm-12 tp-col-12 \"><article id=\"post-428\" class=\"post-428 post type-post status-publish format-standard has-post-thumbnail hentry category-uncategorized\">\n\t<div class=\"blog-list-content\">\n\t\t\t\t<div class=\"post-content-image\">\n\t\t\t<a href=\"https:\/\/pressing-arles.fr\/index.php\/2026\/02\/08\/exemple-de-blog-1\/\">\n\t\t\t\t<div class=\"blog-featured-image\">\n<span class=\"thumb-wrap\">\n\t<img decoding=\"async\" width=\"700\" height=\"700\" src=\"https:\/\/pressing-arles.fr\/wp-content\/uploads\/2026\/02\/WhatsApp-Image-2026-02-10-at-08.23.57-1-700x700.jpeg\" class=\"attachment-tp-image-grid size-tp-image-grid\" alt=\"\" \/><\/span>\n<\/div>\t\t\t<\/a>\n\t\t<\/div>\n\t\t\t\t<div class=\"post-content-bottom\">\n\t\t\t<h4 class=\"post-title\">\n\t<a href=\"https:\/\/pressing-arles.fr\/index.php\/2026\/02\/08\/exemple-de-blog-1\/\">D\u00e9boulochage<\/a>\n<\/h4>\n\t\t\t<div class=\"post-hover-content\">\n\t\t\t\t\t\t\t<\/div>\n\t\t<\/div>\n\t\t\t<\/div>\n<\/article>\n<\/div><\/div><\/div>\t\t\t\t<\/div>\n\t\t\t\t<\/div>\n\t\t\t\t<div class=\"elementor-element elementor-element-03b2a88 elementor-fixed hfe-menu-item-space-between hfe-submenu-icon-arrow hfe-link-redirect-child elementor-widget elementor-widget-navigation-menu\" data-id=\"03b2a88\" data-element_type=\"widget\" data-settings=\"{&quot;_position&quot;:&quot;fixed&quot;,&quot;dropdown_border_radius&quot;:{&quot;unit&quot;:&quot;px&quot;,&quot;top&quot;:&quot;46&quot;,&quot;right&quot;:&quot;46&quot;,&quot;bottom&quot;:&quot;46&quot;,&quot;left&quot;:&quot;46&quot;,&quot;isLinked&quot;:true},&quot;padding_horizontal_dropdown_item&quot;:{&quot;unit&quot;:&quot;px&quot;,&quot;size&quot;:34,&quot;sizes&quot;:[]},&quot;padding_vertical_dropdown_item&quot;:{&quot;unit&quot;:&quot;px&quot;,&quot;size&quot;:9,&quot;sizes&quot;:[]},&quot;distance_from_menu&quot;:{&quot;unit&quot;:&quot;px&quot;,&quot;size&quot;:-6,&quot;sizes&quot;:[]},&quot;toggle_size&quot;:{&quot;unit&quot;:&quot;px&quot;,&quot;size&quot;:34,&quot;sizes&quot;:[]},&quot;toggle_border_width&quot;:{&quot;unit&quot;:&quot;px&quot;,&quot;size&quot;:0,&quot;sizes&quot;:[]},&quot;toggle_border_radius&quot;:{&quot;unit&quot;:&quot;px&quot;,&quot;size&quot;:0,&quot;sizes&quot;:[]},&quot;hamburger_align&quot;:&quot;center&quot;,&quot;hamburger_menu_align&quot;:&quot;space-between&quot;,&quot;dropdown_border_radius_tablet&quot;:{&quot;unit&quot;:&quot;px&quot;,&quot;top&quot;:&quot;&quot;,&quot;right&quot;:&quot;&quot;,&quot;bottom&quot;:&quot;&quot;,&quot;left&quot;:&quot;&quot;,&quot;isLinked&quot;:true},&quot;dropdown_border_radius_mobile&quot;:{&quot;unit&quot;:&quot;px&quot;,&quot;top&quot;:&quot;&quot;,&quot;right&quot;:&quot;&quot;,&quot;bottom&quot;:&quot;&quot;,&quot;left&quot;:&quot;&quot;,&quot;isLinked&quot;:true},&quot;padding_horizontal_dropdown_item_tablet&quot;:{&quot;unit&quot;:&quot;px&quot;,&quot;size&quot;:&quot;&quot;,&quot;sizes&quot;:[]},&quot;padding_horizontal_dropdown_item_mobile&quot;:{&quot;unit&quot;:&quot;px&quot;,&quot;size&quot;:&quot;&quot;,&quot;sizes&quot;:[]},&quot;padding_vertical_dropdown_item_tablet&quot;:{&quot;unit&quot;:&quot;px&quot;,&quot;size&quot;:&quot;&quot;,&quot;sizes&quot;:[]},&quot;padding_vertical_dropdown_item_mobile&quot;:{&quot;unit&quot;:&quot;px&quot;,&quot;size&quot;:&quot;&quot;,&quot;sizes&quot;:[]},&quot;distance_from_menu_tablet&quot;:{&quot;unit&quot;:&quot;px&quot;,&quot;size&quot;:&quot;&quot;,&quot;sizes&quot;:[]},&quot;distance_from_menu_mobile&quot;:{&quot;unit&quot;:&quot;px&quot;,&quot;size&quot;:&quot;&quot;,&quot;sizes&quot;:[]},&quot;toggle_size_tablet&quot;:{&quot;unit&quot;:&quot;px&quot;,&quot;size&quot;:&quot;&quot;,&quot;sizes&quot;:[]},&quot;toggle_size_mobile&quot;:{&quot;unit&quot;:&quot;px&quot;,&quot;size&quot;:&quot;&quot;,&quot;sizes&quot;:[]},&quot;toggle_border_width_tablet&quot;:{&quot;unit&quot;:&quot;px&quot;,&quot;size&quot;:&quot;&quot;,&quot;sizes&quot;:[]},&quot;toggle_border_width_mobile&quot;:{&quot;unit&quot;:&quot;px&quot;,&quot;size&quot;:&quot;&quot;,&quot;sizes&quot;:[]},&quot;toggle_border_radius_tablet&quot;:{&quot;unit&quot;:&quot;px&quot;,&quot;size&quot;:&quot;&quot;,&quot;sizes&quot;:[]},&quot;toggle_border_radius_mobile&quot;:{&quot;unit&quot;:&quot;px&quot;,&quot;size&quot;:&quot;&quot;,&quot;sizes&quot;:[]},&quot;padding&quot;:{&quot;unit&quot;:&quot;px&quot;,&quot;top&quot;:&quot;&quot;,&quot;right&quot;:&quot;&quot;,&quot;bottom&quot;:&quot;&quot;,&quot;left&quot;:&quot;&quot;,&quot;isLinked&quot;:true},&quot;padding_tablet&quot;:{&quot;unit&quot;:&quot;px&quot;,&quot;top&quot;:&quot;&quot;,&quot;right&quot;:&quot;&quot;,&quot;bottom&quot;:&quot;&quot;,&quot;left&quot;:&quot;&quot;,&quot;isLinked&quot;:true},&quot;padding_mobile&quot;:{&quot;unit&quot;:&quot;px&quot;,&quot;top&quot;:&quot;&quot;,&quot;right&quot;:&quot;&quot;,&quot;bottom&quot;:&quot;&quot;,&quot;left&quot;:&quot;&quot;,&quot;isLinked&quot;:true}}\" data-widget_type=\"navigation-menu.default\">\n\t\t\t\t<div class=\"elementor-widget-container\">\n\t\t\t\t\t\t\t\t<div class=\"hfe-nav-menu hfe-layout-expandible hfe-nav-menu-layout expandible\" data-layout=\"expandible\">\n\t\t\t\t<div role=\"button\" class=\"hfe-nav-menu__toggle elementor-clickable\" tabindex=\"0\" aria-label=\"Menu Toggle\">\n\t\t\t\t\t<span class=\"screen-reader-text\">Menu<\/span>\n\t\t\t\t\t<div class=\"hfe-nav-menu-icon\">\n\t\t\t\t\t\t<svg aria-hidden=\"true\"  class=\"e-font-icon-svg e-fas-align-justify\" viewBox=\"0 0 448 512\" xmlns=\"http:\/\/www.w3.org\/2000\/svg\"><path d=\"M432 416H16a16 16 0 0 0-16 16v32a16 16 0 0 0 16 16h416a16 16 0 0 0 16-16v-32a16 16 0 0 0-16-16zm0-128H16a16 16 0 0 0-16 16v32a16 16 0 0 0 16 16h416a16 16 0 0 0 16-16v-32a16 16 0 0 0-16-16zm0-128H16a16 16 0 0 0-16 16v32a16 16 0 0 0 16 16h416a16 16 0 0 0 16-16v-32a16 16 0 0 0-16-16zm0-128H16A16 16 0 0 0 0 48v32a16 16 0 0 0 16 16h416a16 16 0 0 0 16-16V48a16 16 0 0 0-16-16z\"><\/path><\/svg>\t\t\t\t\t<\/div>\n\t\t\t\t<\/div>\n\t\t\t\t<nav itemscope=\"itemscope\" itemtype=\"https:\/\/schema.org\/SiteNavigationElement\" class=\"hfe-dropdown-expandible hfe-nav-menu__layout-expandible hfe-nav-menu__submenu-arrow\" data-toggle-icon=\"&lt;svg aria-hidden=&quot;true&quot; tabindex=&quot;0&quot; class=&quot;e-font-icon-svg e-fas-align-justify&quot; viewBox=&quot;0 0 448 512&quot; xmlns=&quot;http:\/\/www.w3.org\/2000\/svg&quot;&gt;&lt;path d=&quot;M432 416H16a16 16 0 0 0-16 16v32a16 16 0 0 0 16 16h416a16 16 0 0 0 16-16v-32a16 16 0 0 0-16-16zm0-128H16a16 16 0 0 0-16 16v32a16 16 0 0 0 16 16h416a16 16 0 0 0 16-16v-32a16 16 0 0 0-16-16zm0-128H16a16 16 0 0 0-16 16v32a16 16 0 0 0 16 16h416a16 16 0 0 0 16-16v-32a16 16 0 0 0-16-16zm0-128H16A16 16 0 0 0 0 48v32a16 16 0 0 0 16 16h416a16 16 0 0 0 16-16V48a16 16 0 0 0-16-16z&quot;&gt;&lt;\/path&gt;&lt;\/svg&gt;\" data-close-icon=\"&lt;svg aria-hidden=&quot;true&quot; tabindex=&quot;0&quot; class=&quot;e-font-icon-svg e-far-window-close&quot; viewBox=&quot;0 0 512 512&quot; xmlns=&quot;http:\/\/www.w3.org\/2000\/svg&quot;&gt;&lt;path d=&quot;M464 32H48C21.5 32 0 53.5 0 80v352c0 26.5 21.5 48 48 48h416c26.5 0 48-21.5 48-48V80c0-26.5-21.5-48-48-48zm0 394c0 3.3-2.7 6-6 6H54c-3.3 0-6-2.7-6-6V86c0-3.3 2.7-6 6-6h404c3.3 0 6 2.7 6 6v340zM356.5 194.6L295.1 256l61.4 61.4c4.6 4.6 4.6 12.1 0 16.8l-22.3 22.3c-4.6 4.6-12.1 4.6-16.8 0L256 295.1l-61.4 61.4c-4.6 4.6-12.1 4.6-16.8 0l-22.3-22.3c-4.6-4.6-4.6-12.1 0-16.8l61.4-61.4-61.4-61.4c-4.6-4.6-4.6-12.1 0-16.8l22.3-22.3c4.6-4.6 12.1-4.6 16.8 0l61.4 61.4 61.4-61.4c4.6-4.6 12.1-4.6 16.8 0l22.3 22.3c4.7 4.6 4.7 12.1 0 16.8z&quot;&gt;&lt;\/path&gt;&lt;\/svg&gt;\" data-full-width=\"\">\n\t\t\t\t\t<ul id=\"menu-1-03b2a88\" class=\"hfe-nav-menu\"><li id=\"menu-item-323\" itemprop=\"name\" class=\"menu-item menu-item-type-post_type menu-item-object-page menu-item-home parent hfe-creative-menu\"><a href=\"https:\/\/pressing-arles.fr\/\" itemprop=\"url\" class = \"hfe-menu-item\">Accueil<\/a><\/li>\n<li id=\"menu-item-346\" itemprop=\"name\" class=\"menu-item menu-item-type-custom menu-item-object-custom parent hfe-creative-menu\"><a href=\"#nos-services\" itemprop=\"url\" class = \"hfe-menu-item\">Nos services<\/a><\/li>\n<li id=\"menu-item-350\" itemprop=\"name\" class=\"menu-item menu-item-type-custom menu-item-object-custom parent hfe-creative-menu\"><a href=\"#nos-engagements\" itemprop=\"url\" class = \"hfe-menu-item\">Nos engagements<\/a><\/li>\n<li id=\"menu-item-351\" itemprop=\"name\" class=\"menu-item menu-item-type-custom menu-item-object-custom parent hfe-creative-menu\"><a href=\"#informations-pratiques\" itemprop=\"url\" class = \"hfe-menu-item\">Informations pratiques<\/a><\/li>\n<li id=\"menu-item-356\" itemprop=\"name\" class=\"menu-item menu-item-type-custom menu-item-object-custom parent hfe-creative-menu\"><a href=\"#FAQ\" itemprop=\"url\" class = \"hfe-menu-item\">FAQ<\/a><\/li>\n<li id=\"menu-item-457\" itemprop=\"name\" class=\"menu-item menu-item-type-post_type menu-item-object-page parent hfe-creative-menu\"><a href=\"https:\/\/pressing-arles.fr\/index.php\/elementor-433\/\" itemprop=\"url\" class = \"hfe-menu-item\">Nos Produits<\/a><\/li>\n<li id=\"menu-item-469\" itemprop=\"name\" class=\"menu-item menu-item-type-post_type menu-item-object-page parent hfe-creative-menu\"><a href=\"https:\/\/pressing-arles.fr\/index.php\/elementor-421\/\" itemprop=\"url\" class = \"hfe-menu-item\">Nos R\u00e9alisations<\/a><\/li>\n<li id=\"menu-item-352\" itemprop=\"name\" class=\"menu-item menu-item-type-custom menu-item-object-custom parent hfe-creative-menu\"><a href=\"#contact\" itemprop=\"url\" class = \"hfe-menu-item\">Contact<\/a><\/li>\n<\/ul> \n\t\t\t\t<\/nav>\n\t\t\t<\/div>\n\t\t\t\t\t\t\t<\/div>\n\t\t\t\t<\/div>\n\t\t\t\t\t<\/div>\n\t\t\t\t<\/div>\n\t\t<div class=\"elementor-element elementor-element-2344674 e-flex e-con-boxed e-con e-parent\" data-id=\"2344674\" data-element_type=\"container\">\n\t\t\t\t\t<div class=\"e-con-inner\">\n\t\t\t\t\t<\/div>\n\t\t\t\t<\/div>\n\t\t<div class=\"elementor-element elementor-element-8615e37 e-flex e-con-boxed e-con e-parent\" data-id=\"8615e37\" data-element_type=\"container\">\n\t\t\t\t\t<div class=\"e-con-inner\">\n\t\t<div class=\"elementor-element elementor-element-e25843 e-con-full e-flex e-con e-child\" data-id=\"e25843\" data-element_type=\"container\" data-settings=\"{&quot;background_background&quot;:&quot;classic&quot;}\">\n\t\t\t\t<div class=\"elementor-element elementor-element-4298f6a6 elementor-widget elementor-widget-text-editor\" data-id=\"4298f6a6\" data-element_type=\"widget\" data-widget_type=\"text-editor.default\">\n\t\t\t\t\t\t\t\t\t<p>N&#8217;h\u00e9sitez pas \u00e0 nous contacter au 06 34 98 91 91\u00a0<\/p>\t\t\t\t\t\t\t\t<\/div>\n\t\t\t\t<\/div>\n\t\t\t\t\t<\/div>\n\t\t\t\t<\/div>\n\t\t\t\t<\/div>\n\t\t","protected":false},"excerpt":{"rendered":"<p>Nos R\u00e9alisations Nettoyage et D\u00e9boulochage D\u00e9boulochage Menu Accueil Nos services Nos engagements Informations pratiques FAQ Nos Produits Nos R\u00e9alisations Contact N&#8217;h\u00e9sitez pas \u00e0 nous contacter au 06 34 98 91 91\u00a0<\/p>\n","protected":false},"author":1,"featured_media":0,"parent":0,"menu_order":0,"comment_status":"closed","ping_status":"closed","template":"elementor_header_footer","meta":{"footnotes":""},"class_list":["post-421","page","type-page","status-publish","hentry"],"yoast_head":"<!-- This site is optimized with the Yoast SEO plugin v26.6 - https:\/\/yoast.com\/wordpress\/plugins\/seo\/ -->\n<title>Nos R\u00e9alisations - Pressing Arles<\/title>\n<meta name=\"robots\" content=\"index, follow, max-snippet:-1, max-image-preview:large, max-video-preview:-1\" \/>\n<link rel=\"canonical\" href=\"https:\/\/pressing-arles.fr\/index.php\/elementor-421\/\" \/>\n<meta property=\"og:locale\" content=\"en_US\" \/>\n<meta property=\"og:type\" content=\"article\" \/>\n<meta property=\"og:title\" content=\"Nos R\u00e9alisations - Pressing Arles\" \/>\n<meta property=\"og:description\" content=\"Nos R\u00e9alisations Nettoyage et D\u00e9boulochage D\u00e9boulochage Menu Accueil Nos services Nos engagements Informations pratiques FAQ Nos Produits Nos R\u00e9alisations Contact N&#8217;h\u00e9sitez pas \u00e0 nous contacter au 06 34 98 91 91\u00a0\" \/>\n<meta property=\"og:url\" content=\"https:\/\/pressing-arles.fr\/index.php\/elementor-421\/\" \/>\n<meta property=\"og:site_name\" content=\"Pressing Arles\" \/>\n<meta property=\"article:modified_time\" content=\"2026-03-16T00:22:52+00:00\" \/>\n<meta property=\"og:image\" content=\"http:\/\/pressing-arles.fr\/wp-content\/uploads\/2026\/03\/WhatsApp-Image-2026-02-10-at-08.24.51-700x700.jpeg\" \/>\n<meta name=\"twitter:card\" content=\"summary_large_image\" \/>\n<meta name=\"twitter:label1\" content=\"Est. reading time\" \/>\n\t<meta name=\"twitter:data1\" content=\"1 minute\" \/>\n<script type=\"application\/ld+json\" class=\"yoast-schema-graph\">{\"@context\":\"https:\/\/schema.org\",\"@graph\":[{\"@type\":\"WebPage\",\"@id\":\"https:\/\/pressing-arles.fr\/index.php\/elementor-421\/\",\"url\":\"https:\/\/pressing-arles.fr\/index.php\/elementor-421\/\",\"name\":\"Nos R\u00e9alisations - Pressing Arles\",\"isPartOf\":{\"@id\":\"http:\/\/pressing-arles.fr\/#website\"},\"primaryImageOfPage\":{\"@id\":\"https:\/\/pressing-arles.fr\/index.php\/elementor-421\/#primaryimage\"},\"image\":{\"@id\":\"https:\/\/pressing-arles.fr\/index.php\/elementor-421\/#primaryimage\"},\"thumbnailUrl\":\"http:\/\/pressing-arles.fr\/wp-content\/uploads\/2026\/03\/WhatsApp-Image-2026-02-10-at-08.24.51-700x700.jpeg\",\"datePublished\":\"2026-02-08T21:33:17+00:00\",\"dateModified\":\"2026-03-16T00:22:52+00:00\",\"breadcrumb\":{\"@id\":\"https:\/\/pressing-arles.fr\/index.php\/elementor-421\/#breadcrumb\"},\"inLanguage\":\"en-US\",\"potentialAction\":[{\"@type\":\"ReadAction\",\"target\":[\"https:\/\/pressing-arles.fr\/index.php\/elementor-421\/\"]}]},{\"@type\":\"ImageObject\",\"inLanguage\":\"en-US\",\"@id\":\"https:\/\/pressing-arles.fr\/index.php\/elementor-421\/#primaryimage\",\"url\":\"http:\/\/pressing-arles.fr\/wp-content\/uploads\/2026\/03\/WhatsApp-Image-2026-02-10-at-08.24.51-700x700.jpeg\",\"contentUrl\":\"http:\/\/pressing-arles.fr\/wp-content\/uploads\/2026\/03\/WhatsApp-Image-2026-02-10-at-08.24.51-700x700.jpeg\"},{\"@type\":\"BreadcrumbList\",\"@id\":\"https:\/\/pressing-arles.fr\/index.php\/elementor-421\/#breadcrumb\",\"itemListElement\":[{\"@type\":\"ListItem\",\"position\":1,\"name\":\"Home\",\"item\":\"http:\/\/pressing-arles.fr\/\"},{\"@type\":\"ListItem\",\"position\":2,\"name\":\"Nos R\u00e9alisations\"}]},{\"@type\":\"WebSite\",\"@id\":\"http:\/\/pressing-arles.fr\/#website\",\"url\":\"http:\/\/pressing-arles.fr\/\",\"name\":\"Pressing Arles\",\"description\":\"Pressing au Centre Leclerc d\u2019Arles : nettoyage, repassage, linge de maison, retouches et services sp\u00e9cialis\u00e9s. Qualit\u00e9 et soin textile.\",\"publisher\":{\"@id\":\"http:\/\/pressing-arles.fr\/#organization\"},\"potentialAction\":[{\"@type\":\"SearchAction\",\"target\":{\"@type\":\"EntryPoint\",\"urlTemplate\":\"http:\/\/pressing-arles.fr\/?s={search_term_string}\"},\"query-input\":{\"@type\":\"PropertyValueSpecification\",\"valueRequired\":true,\"valueName\":\"search_term_string\"}}],\"inLanguage\":\"en-US\"},{\"@type\":\"Organization\",\"@id\":\"http:\/\/pressing-arles.fr\/#organization\",\"name\":\"Pressing Arles\",\"url\":\"http:\/\/pressing-arles.fr\/\",\"logo\":{\"@type\":\"ImageObject\",\"inLanguage\":\"en-US\",\"@id\":\"http:\/\/pressing-arles.fr\/#\/schema\/logo\/image\/\",\"url\":\"https:\/\/pressing-arles.fr\/wp-content\/uploads\/2025\/11\/Asset-2@4x.png\",\"contentUrl\":\"https:\/\/pressing-arles.fr\/wp-content\/uploads\/2025\/11\/Asset-2@4x.png\",\"width\":1223,\"height\":1798,\"caption\":\"Pressing Arles\"},\"image\":{\"@id\":\"http:\/\/pressing-arles.fr\/#\/schema\/logo\/image\/\"}}]}<\/script>\n<!-- \/ Yoast SEO plugin. -->","yoast_head_json":{"title":"Nos R\u00e9alisations - Pressing Arles","robots":{"index":"index","follow":"follow","max-snippet":"max-snippet:-1","max-image-preview":"max-image-preview:large","max-video-preview":"max-video-preview:-1"},"canonical":"https:\/\/pressing-arles.fr\/index.php\/elementor-421\/","og_locale":"en_US","og_type":"article","og_title":"Nos R\u00e9alisations - Pressing Arles","og_description":"Nos R\u00e9alisations Nettoyage et D\u00e9boulochage D\u00e9boulochage Menu Accueil Nos services Nos engagements Informations pratiques FAQ Nos Produits Nos R\u00e9alisations Contact N&#8217;h\u00e9sitez pas \u00e0 nous contacter au 06 34 98 91 91\u00a0","og_url":"https:\/\/pressing-arles.fr\/index.php\/elementor-421\/","og_site_name":"Pressing Arles","article_modified_time":"2026-03-16T00:22:52+00:00","og_image":[{"url":"http:\/\/pressing-arles.fr\/wp-content\/uploads\/2026\/03\/WhatsApp-Image-2026-02-10-at-08.24.51-700x700.jpeg","type":"","width":"","height":""}],"twitter_card":"summary_large_image","twitter_misc":{"Est. reading time":"1 minute"},"schema":{"@context":"https:\/\/schema.org","@graph":[{"@type":"WebPage","@id":"https:\/\/pressing-arles.fr\/index.php\/elementor-421\/","url":"https:\/\/pressing-arles.fr\/index.php\/elementor-421\/","name":"Nos R\u00e9alisations - Pressing Arles","isPartOf":{"@id":"http:\/\/pressing-arles.fr\/#website"},"primaryImageOfPage":{"@id":"https:\/\/pressing-arles.fr\/index.php\/elementor-421\/#primaryimage"},"image":{"@id":"https:\/\/pressing-arles.fr\/index.php\/elementor-421\/#primaryimage"},"thumbnailUrl":"http:\/\/pressing-arles.fr\/wp-content\/uploads\/2026\/03\/WhatsApp-Image-2026-02-10-at-08.24.51-700x700.jpeg","datePublished":"2026-02-08T21:33:17+00:00","dateModified":"2026-03-16T00:22:52+00:00","breadcrumb":{"@id":"https:\/\/pressing-arles.fr\/index.php\/elementor-421\/#breadcrumb"},"inLanguage":"en-US","potentialAction":[{"@type":"ReadAction","target":["https:\/\/pressing-arles.fr\/index.php\/elementor-421\/"]}]},{"@type":"ImageObject","inLanguage":"en-US","@id":"https:\/\/pressing-arles.fr\/index.php\/elementor-421\/#primaryimage","url":"http:\/\/pressing-arles.fr\/wp-content\/uploads\/2026\/03\/WhatsApp-Image-2026-02-10-at-08.24.51-700x700.jpeg","contentUrl":"http:\/\/pressing-arles.fr\/wp-content\/uploads\/2026\/03\/WhatsApp-Image-2026-02-10-at-08.24.51-700x700.jpeg"},{"@type":"BreadcrumbList","@id":"https:\/\/pressing-arles.fr\/index.php\/elementor-421\/#breadcrumb","itemListElement":[{"@type":"ListItem","position":1,"name":"Home","item":"http:\/\/pressing-arles.fr\/"},{"@type":"ListItem","position":2,"name":"Nos R\u00e9alisations"}]},{"@type":"WebSite","@id":"http:\/\/pressing-arles.fr\/#website","url":"http:\/\/pressing-arles.fr\/","name":"Pressing Arles","description":"Pressing au Centre Leclerc d\u2019Arles : nettoyage, repassage, linge de maison, retouches et services sp\u00e9cialis\u00e9s. Qualit\u00e9 et soin textile.","publisher":{"@id":"http:\/\/pressing-arles.fr\/#organization"},"potentialAction":[{"@type":"SearchAction","target":{"@type":"EntryPoint","urlTemplate":"http:\/\/pressing-arles.fr\/?s={search_term_string}"},"query-input":{"@type":"PropertyValueSpecification","valueRequired":true,"valueName":"search_term_string"}}],"inLanguage":"en-US"},{"@type":"Organization","@id":"http:\/\/pressing-arles.fr\/#organization","name":"Pressing Arles","url":"http:\/\/pressing-arles.fr\/","logo":{"@type":"ImageObject","inLanguage":"en-US","@id":"http:\/\/pressing-arles.fr\/#\/schema\/logo\/image\/","url":"https:\/\/pressing-arles.fr\/wp-content\/uploads\/2025\/11\/Asset-2@4x.png","contentUrl":"https:\/\/pressing-arles.fr\/wp-content\/uploads\/2025\/11\/Asset-2@4x.png","width":1223,"height":1798,"caption":"Pressing Arles"},"image":{"@id":"http:\/\/pressing-arles.fr\/#\/schema\/logo\/image\/"}}]}},"_links":{"self":[{"href":"https:\/\/pressing-arles.fr\/index.php\/wp-json\/wp\/v2\/pages\/421","targetHints":{"allow":["GET"]}}],"collection":[{"href":"https:\/\/pressing-arles.fr\/index.php\/wp-json\/wp\/v2\/pages"}],"about":[{"href":"https:\/\/pressing-arles.fr\/index.php\/wp-json\/wp\/v2\/types\/page"}],"author":[{"embeddable":true,"href":"https:\/\/pressing-arles.fr\/index.php\/wp-json\/wp\/v2\/users\/1"}],"replies":[{"embeddable":true,"href":"https:\/\/pressing-arles.fr\/index.php\/wp-json\/wp\/v2\/comments?post=421"}],"version-history":[{"count":16,"href":"https:\/\/pressing-arles.fr\/index.php\/wp-json\/wp\/v2\/pages\/421\/revisions"}],"predecessor-version":[{"id":479,"href":"https:\/\/pressing-arles.fr\/index.php\/wp-json\/wp\/v2\/pages\/421\/revisions\/479"}],"wp:attachment":[{"href":"https:\/\/pressing-arles.fr\/index.php\/wp-json\/wp\/v2\/media?parent=421"}],"curies":[{"name":"wp","href":"https:\/\/api.w.org\/{rel}","templated":true}]}}